{"id":20694,"date":"2024-03-06T11:12:38","date_gmt":"2024-03-06T11:12:38","guid":{"rendered":"https:\/\/modera.com\/karriar\/"},"modified":"2024-03-07T11:25:37","modified_gmt":"2024-03-07T11:25:37","slug":"karriar","status":"publish","type":"page","link":"https:\/\/modera.com\/sv\/karriar\/","title":{"rendered":"Karri\u00e4r"},"content":{"rendered":"\t\t<div data-elementor-type=\"wp-page\" data-elementor-id=\"20694\" class=\"elementor elementor-20694 elementor-155\" data-elementor-post-type=\"page\">\n\t\t\t\t\t\t<section class=\"penci-section penci-dmcheck penci-elbg-activate penci-disSticky penci-structure-10 elementor-section elementor-top-section elementor-element elementor-element-cc2288a elementor-section-boxed elementor-section-height-default elementor-section-height-default\" data-id=\"cc2288a\" data-element_type=\"section\" data-e-type=\"section\" data-settings=\"{&quot;background_background&quot;:&quot;classic&quot;,&quot;shape_divider_bottom&quot;:&quot;waves&quot;}\">\n\t\t\t\t\t<div class=\"elementor-shape elementor-shape-bottom\" aria-hidden=\"true\" data-negative=\"false\">\n\t\t\t<svg xmlns=\"http:\/\/www.w3.org\/2000\/svg\" viewBox=\"0 0 1000 100\" preserveAspectRatio=\"none\">\n\t<path class=\"elementor-shape-fill\" d=\"M421.9,6.5c22.6-2.5,51.5,0.4,75.5,5.3c23.6,4.9,70.9,23.5,100.5,35.7c75.8,32.2,133.7,44.5,192.6,49.7\n\tc23.6,2.1,48.7,3.5,103.4-2.5c54.7-6,106.2-25.6,106.2-25.6V0H0v30.3c0,0,72,32.6,158.4,30.5c39.2-0.7,92.8-6.7,134-22.4\n\tc21.2-8.1,52.2-18.2,79.7-24.2C399.3,7.9,411.6,7.5,421.9,6.5z\"\/>\n<\/svg>\t\t<\/div>\n\t\t\t\t\t<div class=\"elementor-container elementor-column-gap-default\">\n\t\t\t\t\t<div class=\"penci-ercol-100 penci-ercol-order-1 penci-sticky-ct    elementor-column elementor-col-100 elementor-top-column elementor-element elementor-element-7e2861d4\" data-id=\"7e2861d4\" data-element_type=\"column\" data-e-type=\"column\">\n\t\t\t<div class=\"elementor-widget-wrap elementor-element-populated\">\n\t\t\t\t\t\t\t<\/div>\n\t\t<\/div>\n\t\t\t\t\t<\/div>\n\t\t<\/section>\n\t\t\t\t<section class=\"penci-section penci-disSticky penci-structure-10 elementor-section elementor-top-section elementor-element elementor-element-34822bf4 elementor-section-content-middle elementor-section-boxed elementor-section-height-default elementor-section-height-default\" data-id=\"34822bf4\" data-element_type=\"section\" data-e-type=\"section\">\n\t\t\t\t\t\t<div class=\"elementor-container elementor-column-gap-no\">\n\t\t\t\t\t<div class=\"penci-ercol-100 penci-ercol-order-1 penci-sticky-ct    elementor-column elementor-col-100 elementor-top-column elementor-element elementor-element-2e45ab80\" data-id=\"2e45ab80\" data-element_type=\"column\" data-e-type=\"column\">\n\t\t\t<div class=\"elementor-widget-wrap elementor-element-populated\">\n\t\t\t\t\t\t<div class=\"elementor-element elementor-element-31ed9da5 elementor-widget elementor-widget-text-editor\" data-id=\"31ed9da5\" data-element_type=\"widget\" data-e-type=\"widget\" data-widget_type=\"text-editor.default\">\n\t\t\t\t<div class=\"elementor-widget-container\">\n\t\t\t\t\t\t\t\t\t<p>Lediga positioner<\/p>\n\t\t\t\t\t\t\t\t<\/div>\n\t\t\t\t<\/div>\n\t\t\t\t<div class=\"elementor-element elementor-element-598dfcf8 elementor-align-start elementor-icon-list--layout-traditional elementor-list-item-link-full_width elementor-widget elementor-widget-icon-list\" data-id=\"598dfcf8\" data-element_type=\"widget\" data-e-type=\"widget\" data-widget_type=\"icon-list.default\">\n\t\t\t\t<div class=\"elementor-widget-container\">\n\t\t\t\t\t\t\t<ul class=\"elementor-icon-list-items\">\n\t\t\t\t\t\t\t<li class=\"elementor-icon-list-item\">\n\t\t\t\t\t\t\t\t\t\t\t<a href=\"https:\/\/modera.com\/careers\/senior-php-developer\/\">\n\n\t\t\t\t\t\t\t\t\t\t\t<span class=\"elementor-icon-list-text\">Senior PHP-utvecklare<\/span>\n\t\t\t\t\t\t\t\t\t\t\t<\/a>\n\t\t\t\t\t\t\t\t\t<\/li>\n\t\t\t\t\t\t<\/ul>\n\t\t\t\t\t\t<\/div>\n\t\t\t\t<\/div>\n\t\t\t\t<div class=\"elementor-element elementor-element-75e572d2 elementor-widget elementor-widget-text-editor\" data-id=\"75e572d2\" data-element_type=\"widget\" data-e-type=\"widget\" data-widget_type=\"text-editor.default\">\n\t\t\t\t<div class=\"elementor-widget-container\">\n\t\t\t\t\t\t\t\t\t<p>\u00c4ven om du inte hittar en jobbannons som exakt matchar den position du letar efter, rekommenderar vi att du \u00e4nd\u00e5 skickar in ditt CV till jobs@modera.com eftersom Modera st\u00e4ndigt letar efter nya talanger.<\/p>\n\t\t\t\t\t\t\t\t<\/div>\n\t\t\t\t<\/div>\n\t\t\t\t\t<\/div>\n\t\t<\/div>\n\t\t\t\t\t<\/div>\n\t\t<\/section>\n\t\t\t\t<\/div>\n\t\t","protected":false},"excerpt":{"rendered":"<p>Lediga positioner Senior PHP-utvecklare \u00c4ven om du inte hittar en jobbannons som exakt matchar den position du letar efter, rekommenderar vi att du \u00e4nd\u00e5 skickar in ditt CV till jobs@modera.com&hellip;<\/p>\n","protected":false},"author":1,"featured_media":0,"parent":0,"menu_order":60,"comment_status":"closed","ping_status":"closed","template":"elementor_header_footer","meta":{"_lmt_disableupdate":"","_lmt_disable":"","footnotes":""},"class_list":["post-20694","page","type-page","status-publish","hentry"],"yoast_head":"<!-- This site is optimized with the Yoast SEO Premium plugin v26.6 (Yoast SEO v27.3) - https:\/\/yoast.com\/product\/yoast-seo-premium-wordpress\/ -->\n<title>Karri\u00e4r - Modera<\/title>\n<meta name=\"robots\" content=\"index, follow, max-snippet:-1, max-image-preview:large, max-video-preview:-1\" \/>\n<link rel=\"canonical\" href=\"https:\/\/modera.com\/sv\/karriar\/\" \/>\n<meta property=\"og:locale\" content=\"sv_SE\" \/>\n<meta property=\"og:type\" content=\"article\" \/>\n<meta property=\"og:title\" content=\"Karri\u00e4r\" \/>\n<meta property=\"og:description\" content=\"Lediga positioner Senior PHP-utvecklare \u00c4ven om du inte hittar en jobbannons som exakt matchar den position du letar efter, rekommenderar vi att du \u00e4nd\u00e5 skickar in ditt CV till jobs@modera.com&hellip;\" \/>\n<meta property=\"og:url\" content=\"https:\/\/modera.com\/sv\/karriar\/\" \/>\n<meta property=\"og:site_name\" content=\"Modera\" \/>\n<meta property=\"article:publisher\" content=\"https:\/\/www.facebook.com\/moderasoft\" \/>\n<meta property=\"article:modified_time\" content=\"2024-03-07T11:25:37+00:00\" \/>\n<meta name=\"twitter:card\" content=\"summary_large_image\" \/>\n<script type=\"application\/ld+json\" class=\"yoast-schema-graph\">{\"@context\":\"https:\\\/\\\/schema.org\",\"@graph\":[{\"@type\":\"WebPage\",\"@id\":\"https:\\\/\\\/modera.com\\\/sv\\\/karriar\\\/\",\"url\":\"https:\\\/\\\/modera.com\\\/sv\\\/karriar\\\/\",\"name\":\"Karri\u00e4r - Modera\",\"isPartOf\":{\"@id\":\"https:\\\/\\\/modera.com\\\/sv\\\/#website\"},\"datePublished\":\"2024-03-06T11:12:38+00:00\",\"dateModified\":\"2024-03-07T11:25:37+00:00\",\"breadcrumb\":{\"@id\":\"https:\\\/\\\/modera.com\\\/sv\\\/karriar\\\/#breadcrumb\"},\"inLanguage\":\"sv-SE\",\"potentialAction\":[{\"@type\":\"ReadAction\",\"target\":[\"https:\\\/\\\/modera.com\\\/sv\\\/karriar\\\/\"]}]},{\"@type\":\"BreadcrumbList\",\"@id\":\"https:\\\/\\\/modera.com\\\/sv\\\/karriar\\\/#breadcrumb\",\"itemListElement\":[{\"@type\":\"ListItem\",\"position\":1,\"name\":\"Home\",\"item\":\"https:\\\/\\\/modera.com\\\/sv\\\/\"},{\"@type\":\"ListItem\",\"position\":2,\"name\":\"Karri\u00e4r\"}]},{\"@type\":\"WebSite\",\"@id\":\"https:\\\/\\\/modera.com\\\/sv\\\/#website\",\"url\":\"https:\\\/\\\/modera.com\\\/sv\\\/\",\"name\":\"Modera\",\"description\":\"Car sales made simple\",\"publisher\":{\"@id\":\"https:\\\/\\\/modera.com\\\/sv\\\/#organization\"},\"potentialAction\":[{\"@type\":\"SearchAction\",\"target\":{\"@type\":\"EntryPoint\",\"urlTemplate\":\"https:\\\/\\\/modera.com\\\/sv\\\/?s={search_term_string}\"},\"query-input\":{\"@type\":\"PropertyValueSpecification\",\"valueRequired\":true,\"valueName\":\"search_term_string\"}}],\"inLanguage\":\"sv-SE\"},{\"@type\":[\"Organization\",\"Place\"],\"@id\":\"https:\\\/\\\/modera.com\\\/sv\\\/#organization\",\"name\":\"Modera Ltd.\",\"alternateName\":\"Aktsiaselts Modera\",\"url\":\"https:\\\/\\\/modera.com\\\/sv\\\/\",\"logo\":{\"@id\":\"https:\\\/\\\/modera.com\\\/sv\\\/karriar\\\/#local-main-organization-logo\"},\"image\":{\"@id\":\"https:\\\/\\\/modera.com\\\/sv\\\/karriar\\\/#local-main-organization-logo\"},\"sameAs\":[\"https:\\\/\\\/www.facebook.com\\\/moderasoft\",\"https:\\\/\\\/linkedin.com\\\/company\\\/modera-automotive\"],\"description\":\"Modera helps automotive manufacturers, importers, and dealer networks modernise how they sell, communicate, and grow. Our AI-driven platform connects every part of the sales ecosystem \u2014 from lead to delivery \u2014 enabling faster sales, smarter decisions, and seamless customer experiences across online and in-store channels.\",\"legalName\":\"Aktsiaselts Modera\",\"foundingDate\":\"2007-04-27\",\"duns\":\"565452886\",\"numberOfEmployees\":{\"@type\":\"QuantitativeValue\",\"minValue\":\"11\",\"maxValue\":\"50\"},\"address\":{\"@id\":\"https:\\\/\\\/modera.com\\\/sv\\\/karriar\\\/#local-main-place-address\"},\"geo\":{\"@type\":\"GeoCoordinates\",\"latitude\":\"59.42723790071567\",\"longitude\":\"24.65569993969669\"},\"telephone\":[\"+3726505500\"],\"contactPoint\":{\"@type\":\"ContactPoint\",\"email\":\"sales@modera.com\"},\"openingHoursSpecification\":[{\"@type\":\"OpeningHoursSpecification\",\"dayOfWeek\":[\"Monday\",\"Tuesday\",\"Wednesday\",\"Thursday\",\"Friday\"],\"opens\":\"09:00\",\"closes\":\"17:00\"},{\"@type\":\"OpeningHoursSpecification\",\"dayOfWeek\":[\"Saturday\",\"Sunday\"],\"opens\":\"00:00\",\"closes\":\"00:00\"}],\"email\":\"info@modera.com\",\"areaServed\":\"Whole world\",\"vatID\":\"EE101257613\"},{\"@type\":\"PostalAddress\",\"@id\":\"https:\\\/\\\/modera.com\\\/sv\\\/karriar\\\/#local-main-place-address\",\"streetAddress\":\"M\u00f5isa tn 4\",\"addressLocality\":\"Tallinn\",\"postalCode\":\"13522\",\"addressRegion\":\"Harjumaa\",\"addressCountry\":\"EE\"},{\"@type\":\"ImageObject\",\"inLanguage\":\"sv-SE\",\"@id\":\"https:\\\/\\\/modera.com\\\/sv\\\/karriar\\\/#local-main-organization-logo\",\"url\":\"https:\\\/\\\/modera.com\\\/wp-content\\\/uploads\\\/2025\\\/12\\\/Modera-logo-square-hq.png\",\"contentUrl\":\"https:\\\/\\\/modera.com\\\/wp-content\\\/uploads\\\/2025\\\/12\\\/Modera-logo-square-hq.png\",\"width\":540,\"height\":540,\"caption\":\"Modera Ltd.\"}]}<\/script>\n<meta name=\"geo.placename\" content=\"Tallinn\" \/>\n<meta name=\"geo.position\" content=\"59.42723790071567;24.65569993969669\" \/>\n<meta name=\"geo.region\" content=\"Estland\" \/>\n<!-- \/ Yoast SEO Premium plugin. -->","yoast_head_json":{"title":"Karri\u00e4r - Modera","robots":{"index":"index","follow":"follow","max-snippet":"max-snippet:-1","max-image-preview":"max-image-preview:large","max-video-preview":"max-video-preview:-1"},"canonical":"https:\/\/modera.com\/sv\/karriar\/","og_locale":"sv_SE","og_type":"article","og_title":"Karri\u00e4r","og_description":"Lediga positioner Senior PHP-utvecklare \u00c4ven om du inte hittar en jobbannons som exakt matchar den position du letar efter, rekommenderar vi att du \u00e4nd\u00e5 skickar in ditt CV till jobs@modera.com&hellip;","og_url":"https:\/\/modera.com\/sv\/karriar\/","og_site_name":"Modera","article_publisher":"https:\/\/www.facebook.com\/moderasoft","article_modified_time":"2024-03-07T11:25:37+00:00","twitter_card":"summary_large_image","schema":{"@context":"https:\/\/schema.org","@graph":[{"@type":"WebPage","@id":"https:\/\/modera.com\/sv\/karriar\/","url":"https:\/\/modera.com\/sv\/karriar\/","name":"Karri\u00e4r - Modera","isPartOf":{"@id":"https:\/\/modera.com\/sv\/#website"},"datePublished":"2024-03-06T11:12:38+00:00","dateModified":"2024-03-07T11:25:37+00:00","breadcrumb":{"@id":"https:\/\/modera.com\/sv\/karriar\/#breadcrumb"},"inLanguage":"sv-SE","potentialAction":[{"@type":"ReadAction","target":["https:\/\/modera.com\/sv\/karriar\/"]}]},{"@type":"BreadcrumbList","@id":"https:\/\/modera.com\/sv\/karriar\/#breadcrumb","itemListElement":[{"@type":"ListItem","position":1,"name":"Home","item":"https:\/\/modera.com\/sv\/"},{"@type":"ListItem","position":2,"name":"Karri\u00e4r"}]},{"@type":"WebSite","@id":"https:\/\/modera.com\/sv\/#website","url":"https:\/\/modera.com\/sv\/","name":"Modera","description":"Car sales made simple","publisher":{"@id":"https:\/\/modera.com\/sv\/#organization"},"potentialAction":[{"@type":"SearchAction","target":{"@type":"EntryPoint","urlTemplate":"https:\/\/modera.com\/sv\/?s={search_term_string}"},"query-input":{"@type":"PropertyValueSpecification","valueRequired":true,"valueName":"search_term_string"}}],"inLanguage":"sv-SE"},{"@type":["Organization","Place"],"@id":"https:\/\/modera.com\/sv\/#organization","name":"Modera Ltd.","alternateName":"Aktsiaselts Modera","url":"https:\/\/modera.com\/sv\/","logo":{"@id":"https:\/\/modera.com\/sv\/karriar\/#local-main-organization-logo"},"image":{"@id":"https:\/\/modera.com\/sv\/karriar\/#local-main-organization-logo"},"sameAs":["https:\/\/www.facebook.com\/moderasoft","https:\/\/linkedin.com\/company\/modera-automotive"],"description":"Modera helps automotive manufacturers, importers, and dealer networks modernise how they sell, communicate, and grow. Our AI-driven platform connects every part of the sales ecosystem \u2014 from lead to delivery \u2014 enabling faster sales, smarter decisions, and seamless customer experiences across online and in-store channels.","legalName":"Aktsiaselts Modera","foundingDate":"2007-04-27","duns":"565452886","numberOfEmployees":{"@type":"QuantitativeValue","minValue":"11","maxValue":"50"},"address":{"@id":"https:\/\/modera.com\/sv\/karriar\/#local-main-place-address"},"geo":{"@type":"GeoCoordinates","latitude":"59.42723790071567","longitude":"24.65569993969669"},"telephone":["+3726505500"],"contactPoint":{"@type":"ContactPoint","email":"sales@modera.com"},"openingHoursSpecification":[{"@type":"OpeningHoursSpecification","dayOfWeek":["Monday","Tuesday","Wednesday","Thursday","Friday"],"opens":"09:00","closes":"17:00"},{"@type":"OpeningHoursSpecification","dayOfWeek":["Saturday","Sunday"],"opens":"00:00","closes":"00:00"}],"email":"info@modera.com","areaServed":"Whole world","vatID":"EE101257613"},{"@type":"PostalAddress","@id":"https:\/\/modera.com\/sv\/karriar\/#local-main-place-address","streetAddress":"M\u00f5isa tn 4","addressLocality":"Tallinn","postalCode":"13522","addressRegion":"Harjumaa","addressCountry":"EE"},{"@type":"ImageObject","inLanguage":"sv-SE","@id":"https:\/\/modera.com\/sv\/karriar\/#local-main-organization-logo","url":"https:\/\/modera.com\/wp-content\/uploads\/2025\/12\/Modera-logo-square-hq.png","contentUrl":"https:\/\/modera.com\/wp-content\/uploads\/2025\/12\/Modera-logo-square-hq.png","width":540,"height":540,"caption":"Modera Ltd."}]},"geo.placename":"Tallinn","geo.position":{"lat":"59.42723790071567","long":"24.65569993969669"},"geo.region":"Estland"},"_links":{"self":[{"href":"https:\/\/modera.com\/sv\/wp-json\/wp\/v2\/pages\/20694","targetHints":{"allow":["GET"]}}],"collection":[{"href":"https:\/\/modera.com\/sv\/wp-json\/wp\/v2\/pages"}],"about":[{"href":"https:\/\/modera.com\/sv\/wp-json\/wp\/v2\/types\/page"}],"author":[{"embeddable":true,"href":"https:\/\/modera.com\/sv\/wp-json\/wp\/v2\/users\/1"}],"replies":[{"embeddable":true,"href":"https:\/\/modera.com\/sv\/wp-json\/wp\/v2\/comments?post=20694"}],"version-history":[{"count":3,"href":"https:\/\/modera.com\/sv\/wp-json\/wp\/v2\/pages\/20694\/revisions"}],"predecessor-version":[{"id":20834,"href":"https:\/\/modera.com\/sv\/wp-json\/wp\/v2\/pages\/20694\/revisions\/20834"}],"wp:attachment":[{"href":"https:\/\/modera.com\/sv\/wp-json\/wp\/v2\/media?parent=20694"}],"curies":[{"name":"wp","href":"https:\/\/api.w.org\/{rel}","templated":true}]}}