{"id":20692,"date":"2024-03-06T11:11:05","date_gmt":"2024-03-06T11:11:05","guid":{"rendered":"https:\/\/modera.com\/roadmap\/"},"modified":"2024-03-07T11:25:21","modified_gmt":"2024-03-07T11:25:21","slug":"roadmap","status":"publish","type":"page","link":"https:\/\/modera.com\/sv\/roadmap\/","title":{"rendered":"Roadmap"},"content":{"rendered":"\t\t<div data-elementor-type=\"wp-page\" data-elementor-id=\"20692\" class=\"elementor elementor-20692 elementor-158\" data-elementor-post-type=\"page\">\n\t\t\t\t\t\t<section class=\"penci-section penci-dmcheck penci-elbg-activate penci-disSticky penci-structure-10 elementor-section elementor-top-section elementor-element elementor-element-4a802143 elementor-reverse-tablet elementor-reverse-mobile elementor-section-boxed elementor-section-height-default elementor-section-height-default\" data-id=\"4a802143\" data-element_type=\"section\" data-e-type=\"section\" data-settings=\"{&quot;background_background&quot;:&quot;classic&quot;}\">\n\t\t\t\t\t\t<div class=\"elementor-container elementor-column-gap-default\">\n\t\t\t\t\t<div class=\"penci-ercol-100 penci-ercol-order-1 penci-sticky-ct    elementor-column elementor-col-100 elementor-top-column elementor-element elementor-element-251cb5e7\" data-id=\"251cb5e7\" data-element_type=\"column\" data-e-type=\"column\">\n\t\t\t<div class=\"elementor-widget-wrap elementor-element-populated\">\n\t\t\t\t\t\t<div class=\"elementor-element elementor-element-1f5a7361 elementor-widget elementor-widget-heading\" data-id=\"1f5a7361\" data-element_type=\"widget\" data-e-type=\"widget\" data-widget_type=\"heading.default\">\n\t\t\t\t<div class=\"elementor-widget-container\">\n\t\t\t\t\t<h1 class=\"elementor-heading-title elementor-size-default\">Green ICT roadmap<\/h1>\t\t\t\t<\/div>\n\t\t\t\t<\/div>\n\t\t\t\t<div class=\"elementor-element elementor-element-28262a26 elementor-widget elementor-widget-timeline-widget-addon\" data-id=\"28262a26\" data-element_type=\"widget\" data-e-type=\"widget\" data-widget_type=\"timeline-widget-addon.default\">\n\t\t\t\t<div class=\"elementor-widget-container\">\n\t\t\t\t\t<!-- ========= Timeline Widget Addon For Elementor 1.6.24 ========= -->\n<div id=\"twae-wrapper-28262a26\" class=\"twae-vertical twae-wrapper  twae-both-sided\">   \n    <div class=\"twae-start\"><\/div>    \n    <div id=\"twea-timeline-28262a26\" class=\"twae-timeline\" ><!-- Start of Story Repeater Content --><div id=\"story-8176f06\" class=\"twae-story twae-repeater-item twae-story-right twae-story-no-icon\"><!-- Story Icon Dot --><div class=\"twae-icondot\"><\/div><!-- Story Arrow --><div class=\"twae-arrow\"><\/div><!-- Start of Story Content --><div class=\"twae-content\"><!-- Story Title --><div class=\"twae-title\">Q3 2021<\/div><!-- Story Description --><div class=\"twae-description\"><p>- Implementering av UI-f\u00f6rb\u00e4ttringar, fas 2<br \/>\n- Integrationer av fordonstillst\u00e5ndsregister<br \/>\n- Klientautentiseringsfl\u00f6de med personligt konto<\/p>\n<\/div><\/div><\/div><!-- Start of Story Repeater Content --><div id=\"story-252132c\" class=\"twae-story twae-repeater-item twae-story-left twae-story-no-icon\"><!-- Story Icon Dot --><div class=\"twae-icondot\"><\/div><!-- Story Arrow --><div class=\"twae-arrow\"><\/div><!-- Start of Story Content --><div class=\"twae-content\"><!-- Story Title --><div class=\"twae-title\">Q4 2021<\/div><!-- Story Description --><div class=\"twae-description\"><p>-Sp\u00e5rning av orderstatus<br \/>\n-Kassaf\u00f6rfarande<br \/>\n-Publicering av fordon<br \/>\n-Utveckling av f\u00f6rs\u00e4kringsintegration<\/p>\n<\/div><\/div><\/div><!-- Start of Story Repeater Content --><div id=\"story-9f703e7\" class=\"twae-story twae-repeater-item twae-story-right twae-story-no-icon\"><!-- Story Icon Dot --><div class=\"twae-icondot\"><\/div><!-- Story Arrow --><div class=\"twae-arrow\"><\/div><!-- Start of Story Content --><div class=\"twae-content\"><!-- Story Title --><div class=\"twae-title\">Q1 2022<\/div><!-- Story Description --><div class=\"twae-description\"><p>-Utveckling av finansintegration<br \/>\n-F\u00f6rskottsf\u00f6rfarande<br \/>\n-Hantering av kundf\u00f6rs\u00e4ljningsfall<\/p>\n<\/div><\/div><\/div><!-- Start of Story Repeater Content --><div id=\"story-f7d7975\" class=\"twae-story twae-repeater-item twae-story-left twae-story-no-icon\"><!-- Story Icon Dot --><div class=\"twae-icondot\"><\/div><!-- Story Arrow --><div class=\"twae-arrow\"><\/div><!-- Start of Story Content --><div class=\"twae-content\"><!-- Story Title --><div class=\"twae-title\">Q2 2022<\/div><!-- Story Description --><div class=\"twae-description\"><p>-Hantering av kundf\u00f6rs\u00e4ljningsfall<br \/>\n-Fordonsleveransfl\u00f6de<br \/>\n-Integration av livekalender f\u00f6r provk\u00f6rning<br \/>\n-Integration av webbplatswidget<\/p>\n<\/div><\/div><\/div><!-- Start of Story Repeater Content --><div id=\"story-511cdc0\" class=\"twae-story twae-repeater-item twae-story-right twae-story-no-icon\"><!-- Story Icon Dot --><div class=\"twae-icondot\"><\/div><!-- Story Arrow --><div class=\"twae-arrow\"><\/div><!-- Start of Story Content --><div class=\"twae-content\"><!-- Story Title --><div class=\"twae-title\">Q3 2022<\/div><!-- Story Description --><div class=\"twae-description\"><p>- Hantering av kundf\u00f6rs\u00e4ljningsfall<br \/>\n- Pilottestning av f\u00f6rs\u00e4kringsintegration (LHV, ERGO, IF)<br \/>\n- Fl\u00f6de f\u00f6r icke auktoriserade k\u00f6p<\/p>\n<\/div><\/div><\/div><!-- Start of Story Repeater Content --><div id=\"story-6a6dd81\" class=\"twae-story twae-repeater-item twae-story-left twae-story-no-icon\"><!-- Story Icon Dot --><div class=\"twae-icondot\"><\/div><!-- Story Arrow --><div class=\"twae-arrow\"><\/div><!-- Start of Story Content --><div class=\"twae-content\"><!-- Story Title --><div class=\"twae-title\">2023<\/div><!-- Story Description --><div class=\"twae-description\"><p>- Incadea-integration (Fordonsfl\u00f6de)<br \/>\n- Klientautentisering<br \/>\n- Integration f\u00f6r digital signering<br \/>\n- Leverans\u00f6versikt<\/p>\n<\/div><\/div><\/div><\/div>\n    <div class=\"twae-end\"><\/div>\n    <\/div><style type=\"text\/css\">@media (max-width: 1024px){ .twae-wrapper{--tw-ybx-size: 80px !important;}}@media (max-width: 767px){ .twae-wrapper{--tw-ybx-size: 80px !important}}<\/style>\t\t\t\t<\/div>\n\t\t\t\t<\/div>\n\t\t\t\t\t<\/div>\n\t\t<\/div>\n\t\t\t\t\t<\/div>\n\t\t<\/section>\n\t\t\t\t<\/div>\n\t\t","protected":false},"excerpt":{"rendered":"<p>Green ICT roadmap Q3 2021 &#8211; Implementering av UI-f\u00f6rb\u00e4ttringar, fas 2 &#8211; Integrationer av fordonstillst\u00e5ndsregister &#8211; Klientautentiseringsfl\u00f6de med personligt konto Q4 2021 -Sp\u00e5rning av orderstatus -Kassaf\u00f6rfarande -Publicering av fordon -Utveckling&hellip;<\/p>\n","protected":false},"author":1,"featured_media":0,"parent":0,"menu_order":52,"comment_status":"closed","ping_status":"closed","template":"elementor_header_footer","meta":{"_lmt_disableupdate":"","_lmt_disable":"","footnotes":""},"class_list":["post-20692","page","type-page","status-publish","hentry"],"yoast_head":"<!-- This site is optimized with the Yoast SEO Premium plugin v26.6 (Yoast SEO v27.3) - https:\/\/yoast.com\/product\/yoast-seo-premium-wordpress\/ -->\n<title>Roadmap - Modera<\/title>\n<meta name=\"robots\" content=\"index, follow, max-snippet:-1, max-image-preview:large, max-video-preview:-1\" \/>\n<link rel=\"canonical\" href=\"https:\/\/modera.com\/sv\/roadmap\/\" \/>\n<meta property=\"og:locale\" content=\"sv_SE\" \/>\n<meta property=\"og:type\" content=\"article\" \/>\n<meta property=\"og:title\" content=\"Roadmap\" \/>\n<meta property=\"og:description\" content=\"Green ICT roadmap Q3 2021 &#8211; Implementering av UI-f\u00f6rb\u00e4ttringar, fas 2 &#8211; Integrationer av fordonstillst\u00e5ndsregister &#8211; Klientautentiseringsfl\u00f6de med personligt konto Q4 2021 -Sp\u00e5rning av orderstatus -Kassaf\u00f6rfarande -Publicering av fordon -Utveckling&hellip;\" \/>\n<meta property=\"og:url\" content=\"https:\/\/modera.com\/sv\/roadmap\/\" \/>\n<meta property=\"og:site_name\" content=\"Modera\" \/>\n<meta property=\"article:publisher\" content=\"https:\/\/www.facebook.com\/moderasoft\" \/>\n<meta property=\"article:modified_time\" content=\"2024-03-07T11:25:21+00:00\" \/>\n<meta name=\"twitter:card\" content=\"summary_large_image\" \/>\n<meta name=\"twitter:label1\" content=\"Ber\u00e4knad l\u00e4stid\" \/>\n\t<meta name=\"twitter:data1\" content=\"1 minut\" \/>\n<script type=\"application\/ld+json\" class=\"yoast-schema-graph\">{\"@context\":\"https:\\\/\\\/schema.org\",\"@graph\":[{\"@type\":\"WebPage\",\"@id\":\"https:\\\/\\\/modera.com\\\/sv\\\/roadmap\\\/\",\"url\":\"https:\\\/\\\/modera.com\\\/sv\\\/roadmap\\\/\",\"name\":\"Roadmap - Modera\",\"isPartOf\":{\"@id\":\"https:\\\/\\\/modera.com\\\/sv\\\/#website\"},\"datePublished\":\"2024-03-06T11:11:05+00:00\",\"dateModified\":\"2024-03-07T11:25:21+00:00\",\"breadcrumb\":{\"@id\":\"https:\\\/\\\/modera.com\\\/sv\\\/roadmap\\\/#breadcrumb\"},\"inLanguage\":\"sv-SE\",\"potentialAction\":[{\"@type\":\"ReadAction\",\"target\":[\"https:\\\/\\\/modera.com\\\/sv\\\/roadmap\\\/\"]}]},{\"@type\":\"BreadcrumbList\",\"@id\":\"https:\\\/\\\/modera.com\\\/sv\\\/roadmap\\\/#breadcrumb\",\"itemListElement\":[{\"@type\":\"ListItem\",\"position\":1,\"name\":\"Home\",\"item\":\"https:\\\/\\\/modera.com\\\/sv\\\/\"},{\"@type\":\"ListItem\",\"position\":2,\"name\":\"Roadmap\"}]},{\"@type\":\"WebSite\",\"@id\":\"https:\\\/\\\/modera.com\\\/sv\\\/#website\",\"url\":\"https:\\\/\\\/modera.com\\\/sv\\\/\",\"name\":\"Modera\",\"description\":\"Car sales made simple\",\"publisher\":{\"@id\":\"https:\\\/\\\/modera.com\\\/sv\\\/#organization\"},\"potentialAction\":[{\"@type\":\"SearchAction\",\"target\":{\"@type\":\"EntryPoint\",\"urlTemplate\":\"https:\\\/\\\/modera.com\\\/sv\\\/?s={search_term_string}\"},\"query-input\":{\"@type\":\"PropertyValueSpecification\",\"valueRequired\":true,\"valueName\":\"search_term_string\"}}],\"inLanguage\":\"sv-SE\"},{\"@type\":[\"Organization\",\"Place\"],\"@id\":\"https:\\\/\\\/modera.com\\\/sv\\\/#organization\",\"name\":\"Modera Ltd.\",\"alternateName\":\"Aktsiaselts Modera\",\"url\":\"https:\\\/\\\/modera.com\\\/sv\\\/\",\"logo\":{\"@id\":\"https:\\\/\\\/modera.com\\\/sv\\\/roadmap\\\/#local-main-organization-logo\"},\"image\":{\"@id\":\"https:\\\/\\\/modera.com\\\/sv\\\/roadmap\\\/#local-main-organization-logo\"},\"sameAs\":[\"https:\\\/\\\/www.facebook.com\\\/moderasoft\",\"https:\\\/\\\/linkedin.com\\\/company\\\/modera-automotive\"],\"description\":\"Modera helps automotive manufacturers, importers, and dealer networks modernise how they sell, communicate, and grow. Our AI-driven platform connects every part of the sales ecosystem \u2014 from lead to delivery \u2014 enabling faster sales, smarter decisions, and seamless customer experiences across online and in-store channels.\",\"legalName\":\"Aktsiaselts Modera\",\"foundingDate\":\"2007-04-27\",\"duns\":\"565452886\",\"numberOfEmployees\":{\"@type\":\"QuantitativeValue\",\"minValue\":\"11\",\"maxValue\":\"50\"},\"address\":{\"@id\":\"https:\\\/\\\/modera.com\\\/sv\\\/roadmap\\\/#local-main-place-address\"},\"geo\":{\"@type\":\"GeoCoordinates\",\"latitude\":\"59.42723790071567\",\"longitude\":\"24.65569993969669\"},\"telephone\":[\"+3726505500\"],\"contactPoint\":{\"@type\":\"ContactPoint\",\"email\":\"sales@modera.com\"},\"openingHoursSpecification\":[{\"@type\":\"OpeningHoursSpecification\",\"dayOfWeek\":[\"Monday\",\"Tuesday\",\"Wednesday\",\"Thursday\",\"Friday\"],\"opens\":\"09:00\",\"closes\":\"17:00\"},{\"@type\":\"OpeningHoursSpecification\",\"dayOfWeek\":[\"Saturday\",\"Sunday\"],\"opens\":\"00:00\",\"closes\":\"00:00\"}],\"email\":\"info@modera.com\",\"areaServed\":\"Whole world\",\"vatID\":\"EE101257613\"},{\"@type\":\"PostalAddress\",\"@id\":\"https:\\\/\\\/modera.com\\\/sv\\\/roadmap\\\/#local-main-place-address\",\"streetAddress\":\"M\u00f5isa tn 4\",\"addressLocality\":\"Tallinn\",\"postalCode\":\"13522\",\"addressRegion\":\"Harjumaa\",\"addressCountry\":\"EE\"},{\"@type\":\"ImageObject\",\"inLanguage\":\"sv-SE\",\"@id\":\"https:\\\/\\\/modera.com\\\/sv\\\/roadmap\\\/#local-main-organization-logo\",\"url\":\"https:\\\/\\\/modera.com\\\/wp-content\\\/uploads\\\/2025\\\/12\\\/Modera-logo-square-hq.png\",\"contentUrl\":\"https:\\\/\\\/modera.com\\\/wp-content\\\/uploads\\\/2025\\\/12\\\/Modera-logo-square-hq.png\",\"width\":540,\"height\":540,\"caption\":\"Modera Ltd.\"}]}<\/script>\n<meta name=\"geo.placename\" content=\"Tallinn\" \/>\n<meta name=\"geo.position\" content=\"59.42723790071567;24.65569993969669\" \/>\n<meta name=\"geo.region\" content=\"Estland\" \/>\n<!-- \/ Yoast SEO Premium plugin. -->","yoast_head_json":{"title":"Roadmap - Modera","robots":{"index":"index","follow":"follow","max-snippet":"max-snippet:-1","max-image-preview":"max-image-preview:large","max-video-preview":"max-video-preview:-1"},"canonical":"https:\/\/modera.com\/sv\/roadmap\/","og_locale":"sv_SE","og_type":"article","og_title":"Roadmap","og_description":"Green ICT roadmap Q3 2021 &#8211; Implementering av UI-f\u00f6rb\u00e4ttringar, fas 2 &#8211; Integrationer av fordonstillst\u00e5ndsregister &#8211; Klientautentiseringsfl\u00f6de med personligt konto Q4 2021 -Sp\u00e5rning av orderstatus -Kassaf\u00f6rfarande -Publicering av fordon -Utveckling&hellip;","og_url":"https:\/\/modera.com\/sv\/roadmap\/","og_site_name":"Modera","article_publisher":"https:\/\/www.facebook.com\/moderasoft","article_modified_time":"2024-03-07T11:25:21+00:00","twitter_card":"summary_large_image","twitter_misc":{"Ber\u00e4knad l\u00e4stid":"1 minut"},"schema":{"@context":"https:\/\/schema.org","@graph":[{"@type":"WebPage","@id":"https:\/\/modera.com\/sv\/roadmap\/","url":"https:\/\/modera.com\/sv\/roadmap\/","name":"Roadmap - Modera","isPartOf":{"@id":"https:\/\/modera.com\/sv\/#website"},"datePublished":"2024-03-06T11:11:05+00:00","dateModified":"2024-03-07T11:25:21+00:00","breadcrumb":{"@id":"https:\/\/modera.com\/sv\/roadmap\/#breadcrumb"},"inLanguage":"sv-SE","potentialAction":[{"@type":"ReadAction","target":["https:\/\/modera.com\/sv\/roadmap\/"]}]},{"@type":"BreadcrumbList","@id":"https:\/\/modera.com\/sv\/roadmap\/#breadcrumb","itemListElement":[{"@type":"ListItem","position":1,"name":"Home","item":"https:\/\/modera.com\/sv\/"},{"@type":"ListItem","position":2,"name":"Roadmap"}]},{"@type":"WebSite","@id":"https:\/\/modera.com\/sv\/#website","url":"https:\/\/modera.com\/sv\/","name":"Modera","description":"Car sales made simple","publisher":{"@id":"https:\/\/modera.com\/sv\/#organization"},"potentialAction":[{"@type":"SearchAction","target":{"@type":"EntryPoint","urlTemplate":"https:\/\/modera.com\/sv\/?s={search_term_string}"},"query-input":{"@type":"PropertyValueSpecification","valueRequired":true,"valueName":"search_term_string"}}],"inLanguage":"sv-SE"},{"@type":["Organization","Place"],"@id":"https:\/\/modera.com\/sv\/#organization","name":"Modera Ltd.","alternateName":"Aktsiaselts Modera","url":"https:\/\/modera.com\/sv\/","logo":{"@id":"https:\/\/modera.com\/sv\/roadmap\/#local-main-organization-logo"},"image":{"@id":"https:\/\/modera.com\/sv\/roadmap\/#local-main-organization-logo"},"sameAs":["https:\/\/www.facebook.com\/moderasoft","https:\/\/linkedin.com\/company\/modera-automotive"],"description":"Modera helps automotive manufacturers, importers, and dealer networks modernise how they sell, communicate, and grow. Our AI-driven platform connects every part of the sales ecosystem \u2014 from lead to delivery \u2014 enabling faster sales, smarter decisions, and seamless customer experiences across online and in-store channels.","legalName":"Aktsiaselts Modera","foundingDate":"2007-04-27","duns":"565452886","numberOfEmployees":{"@type":"QuantitativeValue","minValue":"11","maxValue":"50"},"address":{"@id":"https:\/\/modera.com\/sv\/roadmap\/#local-main-place-address"},"geo":{"@type":"GeoCoordinates","latitude":"59.42723790071567","longitude":"24.65569993969669"},"telephone":["+3726505500"],"contactPoint":{"@type":"ContactPoint","email":"sales@modera.com"},"openingHoursSpecification":[{"@type":"OpeningHoursSpecification","dayOfWeek":["Monday","Tuesday","Wednesday","Thursday","Friday"],"opens":"09:00","closes":"17:00"},{"@type":"OpeningHoursSpecification","dayOfWeek":["Saturday","Sunday"],"opens":"00:00","closes":"00:00"}],"email":"info@modera.com","areaServed":"Whole world","vatID":"EE101257613"},{"@type":"PostalAddress","@id":"https:\/\/modera.com\/sv\/roadmap\/#local-main-place-address","streetAddress":"M\u00f5isa tn 4","addressLocality":"Tallinn","postalCode":"13522","addressRegion":"Harjumaa","addressCountry":"EE"},{"@type":"ImageObject","inLanguage":"sv-SE","@id":"https:\/\/modera.com\/sv\/roadmap\/#local-main-organization-logo","url":"https:\/\/modera.com\/wp-content\/uploads\/2025\/12\/Modera-logo-square-hq.png","contentUrl":"https:\/\/modera.com\/wp-content\/uploads\/2025\/12\/Modera-logo-square-hq.png","width":540,"height":540,"caption":"Modera Ltd."}]},"geo.placename":"Tallinn","geo.position":{"lat":"59.42723790071567","long":"24.65569993969669"},"geo.region":"Estland"},"_links":{"self":[{"href":"https:\/\/modera.com\/sv\/wp-json\/wp\/v2\/pages\/20692","targetHints":{"allow":["GET"]}}],"collection":[{"href":"https:\/\/modera.com\/sv\/wp-json\/wp\/v2\/pages"}],"about":[{"href":"https:\/\/modera.com\/sv\/wp-json\/wp\/v2\/types\/page"}],"author":[{"embeddable":true,"href":"https:\/\/modera.com\/sv\/wp-json\/wp\/v2\/users\/1"}],"replies":[{"embeddable":true,"href":"https:\/\/modera.com\/sv\/wp-json\/wp\/v2\/comments?post=20692"}],"version-history":[{"count":3,"href":"https:\/\/modera.com\/sv\/wp-json\/wp\/v2\/pages\/20692\/revisions"}],"predecessor-version":[{"id":20832,"href":"https:\/\/modera.com\/sv\/wp-json\/wp\/v2\/pages\/20692\/revisions\/20832"}],"wp:attachment":[{"href":"https:\/\/modera.com\/sv\/wp-json\/wp\/v2\/media?parent=20692"}],"curies":[{"name":"wp","href":"https:\/\/api.w.org\/{rel}","templated":true}]}}